{"id":2,"date":"2023-04-27T11:02:47","date_gmt":"2023-04-27T11:02:47","guid":{"rendered":"https:\/\/sitept.easyconnect.pt\/eng\/?page_id=2"},"modified":"2023-05-03T20:30:22","modified_gmt":"2023-05-03T20:30:22","slug":"about","status":"publish","type":"page","link":"https:\/\/sitept.easyconnect.pt\/eng\/","title":{"rendered":"About"},"content":{"rendered":"\t\t<div data-elementor-type=\"wp-page\" data-elementor-id=\"2\" class=\"elementor elementor-2\">\n\t\t\t\t\t\t\t\t\t<section class=\"elementor-section elementor-top-section elementor-element elementor-element-7c3cf1d elementor-section-boxed elementor-section-height-default elementor-section-height-default\" data-id=\"7c3cf1d\" data-element_type=\"section\">\n\t\t\t\t\t\t<div class=\"elementor-container elementor-column-gap-default\">\n\t\t\t\t\t<div class=\"elementor-column elementor-col-50 elementor-top-column elementor-element elementor-element-1f47b15\" data-id=\"1f47b15\" data-element_type=\"column\">\n\t\t\t<div class=\"elementor-widget-wrap elementor-element-populated\">\n\t\t\t\t\t\t\t\t<div class=\"elementor-element elementor-element-9a7d651 elementor-invisible elementor-widget elementor-widget-image\" data-id=\"9a7d651\" data-element_type=\"widget\" data-settings=\"{&quot;_animation&quot;:&quot;fadeInLeft&quot;}\" data-widget_type=\"image.default\">\n\t\t\t\t<div class=\"elementor-widget-container\">\n\t\t\t<style>\/*! elementor - v3.14.0 - 18-06-2023 *\/\n.elementor-widget-image{text-align:center}.elementor-widget-image a{display:inline-block}.elementor-widget-image a img[src$=\".svg\"]{width:48px}.elementor-widget-image img{vertical-align:middle;display:inline-block}<\/style>\t\t\t\t\t\t\t\t\t\t\t\t<img loading=\"lazy\" decoding=\"async\" width=\"960\" height=\"656\" src=\"https:\/\/sitept.easyconnect.pt\/eng\/wp-content\/uploads\/sites\/4\/2023\/05\/quinta-da-barca-house-19-holiday-home-esposende-photo-9.jpg\" class=\"attachment-large size-large wp-image-99\" alt=\"\" srcset=\"https:\/\/sitept.easyconnect.pt\/eng\/wp-content\/uploads\/sites\/4\/2023\/05\/quinta-da-barca-house-19-holiday-home-esposende-photo-9.jpg 960w, https:\/\/sitept.easyconnect.pt\/eng\/wp-content\/uploads\/sites\/4\/2023\/05\/quinta-da-barca-house-19-holiday-home-esposende-photo-9-300x205.jpg 300w, https:\/\/sitept.easyconnect.pt\/eng\/wp-content\/uploads\/sites\/4\/2023\/05\/quinta-da-barca-house-19-holiday-home-esposende-photo-9-768x525.jpg 768w\" sizes=\"auto, (max-width: 960px) 100vw, 960px\" \/>\t\t\t\t\t\t\t\t\t\t\t\t\t\t\t<\/div>\n\t\t\t\t<\/div>\n\t\t\t\t\t<\/div>\n\t\t<\/div>\n\t\t\t\t<div class=\"elementor-column elementor-col-50 elementor-top-column elementor-element elementor-element-499afaa\" data-id=\"499afaa\" data-element_type=\"column\">\n\t\t\t<div class=\"elementor-widget-wrap elementor-element-populated\">\n\t\t\t\t\t\t\t\t<div class=\"elementor-element elementor-element-c534ecc elementor-invisible elementor-widget elementor-widget-text-editor\" data-id=\"c534ecc\" data-element_type=\"widget\" data-settings=\"{&quot;_animation&quot;:&quot;fadeInRight&quot;}\" data-widget_type=\"text-editor.default\">\n\t\t\t\t<div class=\"elementor-widget-container\">\n\t\t\t<style>\/*! elementor - v3.14.0 - 18-06-2023 *\/\n.elementor-widget-text-editor.elementor-drop-cap-view-stacked .elementor-drop-cap{background-color:#69727d;color:#fff}.elementor-widget-text-editor.elementor-drop-cap-view-framed .elementor-drop-cap{color:#69727d;border:3px solid;background-color:transparent}.elementor-widget-text-editor:not(.elementor-drop-cap-view-default) .elementor-drop-cap{margin-top:8px}.elementor-widget-text-editor:not(.elementor-drop-cap-view-default) .elementor-drop-cap-letter{width:1em;height:1em}.elementor-widget-text-editor .elementor-drop-cap{float:left;text-align:center;line-height:1;font-size:50px}.elementor-widget-text-editor .elementor-drop-cap-letter{display:inline-block}<\/style>\t\t\t\t<!-- \/wp:image --><!-- wp:paragraph {\"align\":\"center\"} -->\n<p class=\"has-text-align-center\">Esta \u00e9 uma p\u00e1gina de exemplo. \u00c9 diferente de um post de blog porque ficar\u00e1 em um lugar e aparecer\u00e1 na navega\u00e7\u00e3o do seu site (na maioria dos temas). A maioria das pessoas come\u00e7a com uma p\u00e1gina Sobre que as apresenta a poss\u00edveis visitantes do site. Pode dizer algo assim:<\/p>\n<!-- \/wp:paragraph --><!-- wp:quote -->\n<blockquote class=\"wp-block-quote\"><!-- wp:paragraph -->\n<p>Ol\u00e1! Sou mensageiro de bicicleta durante o dia, aspirante a ator \u00e0 noite, e este \u00e9 o meu site. Eu moro em Los Angeles, tenho um \u00f3timo cachorro chamado Jack e gosto de pi\u00f1a coladas. (E sendo pego pela chuva.)<\/p>\n<!-- \/wp:paragraph --><\/blockquote>\n<!-- \/wp:quote --><!-- wp:paragraph -->\n<p>&#8230;ou algo parecido com isto:<\/p>\n<!-- \/wp:paragraph --><!-- wp:quote -->\n<blockquote class=\"wp-block-quote\"><!-- wp:paragraph -->\n<p>A XYZ Doohickey Company foi fundada em 1971 e desde ent\u00e3o tem fornecido doohickeys de qualidade ao p\u00fablico. Localizada em Gotham City, a XYZ emprega mais de 2.000 pessoas e faz todo tipo de coisas incr\u00edveis para a comunidade de Gotham.<\/p>\n<!-- \/wp:paragraph --><\/blockquote>\n<!-- \/wp:quote --><!-- wp:paragraph -->\n<p>Como um novo usu\u00e1rio do WordPress, voc\u00ea deve acessar seu painel para excluir esta p\u00e1gina e criar novas p\u00e1ginas para seu conte\u00fado. Divirta-se!<\/p>\n<!-- \/wp:paragraph -->\t\t\t\t\t\t<\/div>\n\t\t\t\t<\/div>\n\t\t\t\t\t<\/div>\n\t\t<\/div>\n\t\t\t\t\t\t\t<\/div>\n\t\t<\/section>\n\t\t\t\t\t\t\t<\/div>\n\t\t","protected":false},"excerpt":{"rendered":"<p>Esta \u00e9 uma p\u00e1gina de exemplo. \u00c9 diferente de um post de blog porque ficar\u00e1 em um lugar e aparecer\u00e1 na navega\u00e7\u00e3o do seu site (na maioria dos temas). A maioria das pessoas come\u00e7a com uma p\u00e1gina Sobre que as apresenta a poss\u00edveis visitantes do site. Pode dizer algo assim: Ol\u00e1! Sou mensageiro de bicicleta [&hellip;]<\/p>\n","protected":false},"author":1,"featured_media":0,"parent":0,"menu_order":0,"comment_status":"closed","ping_status":"closed","template":"","meta":{"footnotes":""},"class_list":["post-2","page","type-page","status-publish","hentry","entry"],"_links":{"self":[{"href":"https:\/\/sitept.easyconnect.pt\/eng\/wp-json\/wp\/v2\/pages\/2","targetHints":{"allow":["GET"]}}],"collection":[{"href":"https:\/\/sitept.easyconnect.pt\/eng\/wp-json\/wp\/v2\/pages"}],"about":[{"href":"https:\/\/sitept.easyconnect.pt\/eng\/wp-json\/wp\/v2\/types\/page"}],"author":[{"embeddable":true,"href":"https:\/\/sitept.easyconnect.pt\/eng\/wp-json\/wp\/v2\/users\/1"}],"replies":[{"embeddable":true,"href":"https:\/\/sitept.easyconnect.pt\/eng\/wp-json\/wp\/v2\/comments?post=2"}],"version-history":[{"count":15,"href":"https:\/\/sitept.easyconnect.pt\/eng\/wp-json\/wp\/v2\/pages\/2\/revisions"}],"predecessor-version":[{"id":168,"href":"https:\/\/sitept.easyconnect.pt\/eng\/wp-json\/wp\/v2\/pages\/2\/revisions\/168"}],"wp:attachment":[{"href":"https:\/\/sitept.easyconnect.pt\/eng\/wp-json\/wp\/v2\/media?parent=2"}],"curies":[{"name":"wp","href":"https:\/\/api.w.org\/{rel}","templated":true}]}}