{"id":3,"date":"2023-04-27T11:02:47","date_gmt":"2023-04-27T11:02:47","guid":{"rendered":"https:\/\/sitept.easyconnect.pt\/eng\/?page_id=3"},"modified":"2023-05-03T20:30:11","modified_gmt":"2023-05-03T20:30:11","slug":"information","status":"publish","type":"page","link":"https:\/\/sitept.easyconnect.pt\/eng\/information\/","title":{"rendered":"Information"},"content":{"rendered":"\n<p><strong>POL\u00cdTICA DE PAGAMENTO E CANCELAMENTO<\/strong><\/p>\n\n\n\n<p><strong>\u200b<\/strong>A reserva s\u00f3 \u00e9 efetiva ap\u00f3s o recebimento do formul\u00e1rio de pagamento e confirma\u00e7\u00e3o. A reserva pode ser cancelada ou alterada 14 dias antes da data de chegada, sem quaisquer custos adicionais. Se a reserva for cancelada entre o 14\u00ba e o 7\u00ba dia antes da data de chegada, ser\u00e1 cobrado 50% do valor total da reserva. Ap\u00f3s esse per\u00edodo, ser\u00e1 cobrado 100% do valor total da reserva.<\/p>\n\n\n\n<p><strong>CHECK-IN e CHECK-OUT<\/strong><\/p>\n\n\n\n<p><strong>\u200b<\/strong>O hor\u00e1rio de check-in \u00e9 a partir das 16h.&nbsp;O check-in poder\u00e1 ser feito mais cedo (contacte-nos para confirmar se o Sozen Mill est\u00e1 pronto para vos receber).<\/p>\n\n\n\n<p>O hor\u00e1rio de check-out \u00e9&nbsp;\u00e0s 12h.<\/p>\n\n\n\n<p><strong>TERMOS E CONDI\u00c7\u00d5ES<\/strong><\/p>\n\n\n\n<ul class=\"wp-block-list\">\n<li>A ribeira no Sozen Mill n\u00e3o tem vigil\u00e2ncia. \u00c9 responsabilidade dos h\u00f3spedes garantir a seguran\u00e7a das pessoas que n\u00e3o sabem nadar, especialmente crian\u00e7as.<\/li>\n<\/ul>\n\n\n\n<ul class=\"wp-block-list\">\n<li>Animais de pequeno porte s\u00e3o permitidos fora da casa somente ap\u00f3s acordo escrito com a ger\u00eancia.<\/li>\n<\/ul>\n\n\n\n<ul class=\"wp-block-list\">\n<li>N\u00e3o s\u00e3o permitidas festas ou eventos, a menos que acordado com a ger\u00eancia.<\/li>\n<\/ul>\n\n\n\n<ul class=\"wp-block-list\">\n<li>S\u00f3 \u00e9 permitido fumar fora de casa com uso exclusivo de cinzeiro. Caso contr\u00e1rio, existe uma grande possibilidade de causar um inc\u00eandio que os h\u00f3spedes ser\u00e3o respons\u00e1veis por.<\/li>\n<\/ul>\n\n\n\n<ul class=\"wp-block-list\">\n<li>Os h\u00f3spedes s\u00e3o respons\u00e1veis \u200b\u200bpor garantir que tudo \u00e9 deixado nas mesmas condi\u00e7\u00f5es em que encontraram a propriedade \u00e0 chegada.<\/li>\n<\/ul>\n\n\n\n<ul class=\"wp-block-list\">\n<li>O uso da casa \u00e9 limitado ao n\u00famero de h\u00f3spedes especificado na reserva. Quaisquer pessoas de fora n\u00e3o s\u00e3o permitidas na propriedade, a menos que autorizado pela ger\u00eancia antes da sua visita.<\/li>\n<\/ul>\n\n\n\n<ul class=\"wp-block-list\">\n<li>As tarifas n\u00e3o incluem almo\u00e7o ou jantar, mas poder\u00e1 ser reservado com anteced\u00eancia servi\u00e7os de entrega de refei\u00e7\u00f5es ao domic\u00edlio, por um custo adicional.<\/li>\n<\/ul>\n\n\n\n<ul class=\"wp-block-list\">\n<li>Por lei, os detalhes sobre os h\u00f3spedes estrangeiros que se hospedam no Sozen Mill devem ser comunicados ao SEF (Servi\u00e7o de Estrangeiros e Fronteiras). As seguintes informa\u00e7\u00f5es devem ser enviadas antes da sua chegada ou durante a sua estadia. Nome, data de nascimento, nacionalidade, pa\u00eds de resid\u00eancia, tipo de documento de identidade (passaporte ou cart\u00e3o de cidad\u00e3o), n\u00famero de identidade, pa\u00eds de emiss\u00e3o, etc.<\/li>\n<\/ul>\n\n\n\n<ul class=\"wp-block-list\">\n<li>No caso dos termos e condi\u00e7\u00f5es acima n\u00e3o serem respeitados, os h\u00f3spedes estar\u00e3o sujeitos a uma taxa adicional por qualquer dano causado ou desrespeito para com as al\u00edneas enunciadas.<\/li>\n<\/ul>\n\n\n\n<ul class=\"wp-block-list\">\n<li>116477\/AL. Livro de reclama\u00e7\u00f5es eletr\u00f3nico dispon\u00edvel&nbsp;<a href=\"https:\/\/www.livroreclamacoes.pt\/INICIO\" target=\"_blank\" rel=\"noreferrer noopener\">aqui<\/a>.<\/li>\n<\/ul>\n","protected":false},"excerpt":{"rendered":"<p>POL\u00cdTICA DE PAGAMENTO E CANCELAMENTO \u200bA reserva s\u00f3 \u00e9 efetiva ap\u00f3s o recebimento do formul\u00e1rio de pagamento e confirma\u00e7\u00e3o. A reserva pode ser cancelada ou alterada 14 dias antes da data de chegada, sem quaisquer custos adicionais. Se a reserva for cancelada entre o 14\u00ba e o 7\u00ba dia antes da data de chegada, ser\u00e1 [&hellip;]<\/p>\n","protected":false},"author":1,"featured_media":0,"parent":0,"menu_order":0,"comment_status":"closed","ping_status":"closed","template":"","meta":{"footnotes":""},"class_list":["post-3","page","type-page","status-publish","hentry","entry"],"_links":{"self":[{"href":"https:\/\/sitept.easyconnect.pt\/eng\/wp-json\/wp\/v2\/pages\/3","targetHints":{"allow":["GET"]}}],"collection":[{"href":"https:\/\/sitept.easyconnect.pt\/eng\/wp-json\/wp\/v2\/pages"}],"about":[{"href":"https:\/\/sitept.easyconnect.pt\/eng\/wp-json\/wp\/v2\/types\/page"}],"author":[{"embeddable":true,"href":"https:\/\/sitept.easyconnect.pt\/eng\/wp-json\/wp\/v2\/users\/1"}],"replies":[{"embeddable":true,"href":"https:\/\/sitept.easyconnect.pt\/eng\/wp-json\/wp\/v2\/comments?post=3"}],"version-history":[{"count":7,"href":"https:\/\/sitept.easyconnect.pt\/eng\/wp-json\/wp\/v2\/pages\/3\/revisions"}],"predecessor-version":[{"id":167,"href":"https:\/\/sitept.easyconnect.pt\/eng\/wp-json\/wp\/v2\/pages\/3\/revisions\/167"}],"wp:attachment":[{"href":"https:\/\/sitept.easyconnect.pt\/eng\/wp-json\/wp\/v2\/media?parent=3"}],"curies":[{"name":"wp","href":"https:\/\/api.w.org\/{rel}","templated":true}]}}